{"id":6,"date":"2019-11-09T08:53:12","date_gmt":"2019-11-09T08:53:12","guid":{"rendered":"http:\/\/blaulicht-offenburg.de\/?page_id=6"},"modified":"2024-08-22T19:02:08","modified_gmt":"2024-08-22T19:02:08","slug":"startseite","status":"publish","type":"page","link":"http:\/\/blaulicht-offenburg.de\/","title":{"rendered":""},"content":{"rendered":"<div class=\"ttr_startseite_html_row0 row\">\n<div class=\"ttr_startseite_html_column02\">\n<div style=\"height: 0px; width: 0px; overflow: hidden; -webkit-margin-top-collapse: separate;\"><strong><span style=\"color: #428bca; font-size: 2em; text-align: center; background-color: rgba(255, 255, 255, 0);\">Herzlich willkommen bei den<\/span><span style=\"color: #428bca; font-size: 2em; text-align: center; background-color: rgba(255, 255, 255, 0);\">Herzlich willkommen der Blaulichtorganisationen in Offenburg<\/span><\/strong><\/div>\n<\/div>\n<\/div>\n<h1 class=\" visible-lg-block visible-sm-block visible-md-block visible-xs-block\" style=\"clear: both; text-align: center;\"><strong>Herzlich willkommen bei den Blaulichtorganisationen in Offenburg<\/strong><\/h1>\n<p><\/p>\n<h2 style=\"text-align: center;\">Der Offenburger Blaulichtstammtisch, der Zusammenschluss<\/h2>\n<h2 style=\"text-align: center;\">der Offenburger Blaulichtorganisationen<\/h2>\n<h2 style=\"text-align: center;\">Informieren Sie sich hier \u00fcber uns und unsere immer wieder stattfindenden gemeinsamen Aktivit\u00e4ten<\/h2>\n<p><\/p>\n\n<div class=\"wp-block-image\">\n<figure class=\"aligncenter\"><img loading=\"lazy\" decoding=\"async\" width=\"1024\" height=\"791\" src=\"http:\/\/blaulicht-offenburg.de\/wp-content\/uploads\/2019\/11\/blaulicht_logo-1024x791.jpg\" alt=\"\" class=\"wp-image-37\" srcset=\"http:\/\/blaulicht-offenburg.de\/wp-content\/uploads\/2019\/11\/blaulicht_logo-1024x791.jpg 1024w, http:\/\/blaulicht-offenburg.de\/wp-content\/uploads\/2019\/11\/blaulicht_logo-300x232.jpg 300w, http:\/\/blaulicht-offenburg.de\/wp-content\/uploads\/2019\/11\/blaulicht_logo-768x594.jpg 768w\" sizes=\"auto, (max-width: 1024px) 100vw, 1024px\" \/><\/figure>\n<\/div>\n\n\n<p><\/p>\n\n\n\n<p><\/p>\n\n\n\n<h2 class=\"wp-block-heading has-text-align-center\">M\u00f6chten Sie mehr erfahren \u00fcber die Hilfsorganisationen in Offenburg? Dann klicken Sie oben im Men\u00fc einfach auf die jeweilige Organisation und Sie gelangen gleich auf deren Homepage<\/h2>\n\n\n\n<p><\/p>\n\n\n\n<p><\/p>\n","protected":false},"excerpt":{"rendered":"<p>Herzlich willkommen bei denHerzlich willkommen der Blaulichtorganisationen in Offenburg Herzlich willkommen bei den Blaulichtorganisationen in Offenburg Der Offenburger Blaulichtstammtisch, der Zusammenschluss der Offenburger Blaulichtorganisationen Informieren Sie sich hier \u00fcber uns und unsere immer wieder stattfindenden gemeinsamen Aktivit\u00e4ten M\u00f6chten Sie mehr &hellip;<\/p>\n<p><a href=\"http:\/\/blaulicht-offenburg.de\/\">Continue Reading<span class=\"meta-nav\">&rarr;<\/span><\/a><\/p>\n","protected":false},"author":2,"featured_media":0,"parent":0,"menu_order":1,"comment_status":"closed","ping_status":"closed","template":"page-templates\/startseite_page.php","meta":{"footnotes":""},"class_list":["post-6","page","type-page","status-publish","hentry"],"_links":{"self":[{"href":"http:\/\/blaulicht-offenburg.de\/index.php?rest_route=\/wp\/v2\/pages\/6","targetHints":{"allow":["GET"]}}],"collection":[{"href":"http:\/\/blaulicht-offenburg.de\/index.php?rest_route=\/wp\/v2\/pages"}],"about":[{"href":"http:\/\/blaulicht-offenburg.de\/index.php?rest_route=\/wp\/v2\/types\/page"}],"author":[{"embeddable":true,"href":"http:\/\/blaulicht-offenburg.de\/index.php?rest_route=\/wp\/v2\/users\/2"}],"replies":[{"embeddable":true,"href":"http:\/\/blaulicht-offenburg.de\/index.php?rest_route=%2Fwp%2Fv2%2Fcomments&post=6"}],"version-history":[{"count":62,"href":"http:\/\/blaulicht-offenburg.de\/index.php?rest_route=\/wp\/v2\/pages\/6\/revisions"}],"predecessor-version":[{"id":195,"href":"http:\/\/blaulicht-offenburg.de\/index.php?rest_route=\/wp\/v2\/pages\/6\/revisions\/195"}],"wp:attachment":[{"href":"http:\/\/blaulicht-offenburg.de\/index.php?rest_route=%2Fwp%2Fv2%2Fmedia&parent=6"}],"curies":[{"name":"wp","href":"https:\/\/api.w.org\/{rel}","templated":true}]}}